{"id":7,"date":"2023-01-04T17:59:49","date_gmt":"2023-01-04T17:59:49","guid":{"rendered":"http:\/\/www.jarasahko.fi\/?page_id=7"},"modified":"2024-01-03T15:37:15","modified_gmt":"2024-01-03T15:37:15","slug":"jara-sahko","status":"publish","type":"page","link":"https:\/\/www.jarasahko.fi\/","title":{"rendered":"JaRa-S\u00e4hk\u00f6"},"content":{"rendered":"\n<p><\/p>\n\n\n\n<p><\/p>\n\n\n\n<p><\/p>\n\n\n\n<p>S\u00e4hk\u00f6asennukset Pohjois-Karjalan, Pohjois-Savon ja Uudenmaan alueella, sopimuksen mukaan muilla alueilla.<\/p>\n\n\n\n<p>Palvelemme pienasennuksista ja -korjauksista s\u00e4hk\u00f6saneerauksiin ja -urakointiin yrityksi\u00e4, taloyhti\u00f6it\u00e4 ja yksityistalouksia.<\/p>\n\n\n\n<p><\/p>\n\n\n\n<p>S\u00e4hk\u00f6asennukset ja -korjaukset joustavasti ja edullisesti, my\u00f6s kaikki tarvikkeet kilpailukykyisin hinnoin asennuksen yhteydess\u00e4.<\/p>\n\n\n\n<p>Soita <strong>045-693 2660<\/strong><\/p>\n\n\n\n<p><\/p>\n\n\n\n<p><\/p>\n","protected":false},"excerpt":{"rendered":"<p>S\u00e4hk\u00f6asennukset Pohjois-Karjalan, Pohjois-Savon ja Uudenmaan alueella, sopimuksen mukaan muilla alueilla. Palvelemme pienasennuksista ja -korjauksista s\u00e4hk\u00f6saneerauksiin ja -urakointiin yrityksi\u00e4, taloyhti\u00f6it\u00e4 ja yksityistalouksia. S\u00e4hk\u00f6asennukset ja -korjaukset joustavasti ja edullisesti, my\u00f6s kaikki tarvikkeet kilpailukykyisin hinnoin asennuksen yhteydess\u00e4. Soita 045-693 2660<\/p>\n","protected":false},"author":1,"featured_media":0,"parent":0,"menu_order":0,"comment_status":"closed","ping_status":"closed","template":"","meta":[],"_links":{"self":[{"href":"https:\/\/www.jarasahko.fi\/index.php?rest_route=\/wp\/v2\/pages\/7"}],"collection":[{"href":"https:\/\/www.jarasahko.fi\/index.php?rest_route=\/wp\/v2\/pages"}],"about":[{"href":"https:\/\/www.jarasahko.fi\/index.php?rest_route=\/wp\/v2\/types\/page"}],"author":[{"embeddable":true,"href":"https:\/\/www.jarasahko.fi\/index.php?rest_route=\/wp\/v2\/users\/1"}],"replies":[{"embeddable":true,"href":"https:\/\/www.jarasahko.fi\/index.php?rest_route=%2Fwp%2Fv2%2Fcomments&post=7"}],"version-history":[{"count":4,"href":"https:\/\/www.jarasahko.fi\/index.php?rest_route=\/wp\/v2\/pages\/7\/revisions"}],"predecessor-version":[{"id":29,"href":"https:\/\/www.jarasahko.fi\/index.php?rest_route=\/wp\/v2\/pages\/7\/revisions\/29"}],"wp:attachment":[{"href":"https:\/\/www.jarasahko.fi\/index.php?rest_route=%2Fwp%2Fv2%2Fmedia&parent=7"}],"curies":[{"name":"wp","href":"https:\/\/api.w.org\/{rel}","templated":true}]}}